{"id":161,"date":"2016-03-12T23:04:27","date_gmt":"2016-03-13T04:04:27","guid":{"rendered":"http:\/\/www.equsys.ec\/?page_id=161"},"modified":"2018-12-03T22:43:46","modified_gmt":"2018-12-04T03:43:46","slug":"misionvision","status":"publish","type":"page","link":"https:\/\/www.equsys.ec\/?page_id=161","title":{"rendered":"Mision-Visi\u00f3n"},"content":{"rendered":"<h3>\u00a0Historia<\/h3>\n<blockquote><p>La empresa Ecuador Quality Systems, se dedica a brindar Desarrollo de Software, Asesor\u00eda en sistemas inform\u00e1ticos, para lo que declara tener la experiencia y conocimientos necesarios para este tipo de labores.<\/p>\n<p>El equipo de trabajo tiene experiencia de catorce a\u00f1os, en empresas con distinta actividad empresarial, como asesores externos en sistemas contables. Titulados como Ingenieros en Sistemas y con formaci\u00f3n extra acad\u00e9mica en Contabilidad, en Comunicaciones, Redes Wan y Maestr\u00eda en Gerencia de Sistemas.<\/p><\/blockquote>\n<hr \/>\n<h3>\u00a0Misi\u00f3n<\/h3>\n<blockquote><p>Ser la empresa l\u00edder en comercializaci\u00f3n de Software de Gesti\u00f3n Empresarial \u00abERP Equsys V\u00bb, satisfaciendo las necesidades de nuestros clientes, brind\u00e1ndoles un producto de calidad y con un excelente servicio.<\/p><\/blockquote>\n<hr \/>\n<h3>Visi\u00f3n<\/h3>\n<blockquote><p>Ser el mayor distribuidor de Software de Gesti\u00f3n Empresarial \u00abERP Equsys V\u00bb .<\/p><\/blockquote>\n<p>&nbsp;<\/p>\n","protected":false},"excerpt":{"rendered":"<p>\u00a0Historia La empresa Ecuador Quality Systems, se dedica a brindar Desarrollo de Software, Asesor\u00eda en sistemas inform\u00e1ticos, para lo que declara tener la experiencia y conocimientos necesarios para este tipo de labores. El equipo de trabajo tiene experiencia de catorce a\u00f1os, en empresas con distinta actividad empresarial, como asesores externos en sistemas contables. Titulados como [&hellip;]<\/p>\n","protected":false},"author":1,"featured_media":0,"parent":0,"menu_order":0,"comment_status":"closed","ping_status":"closed","template":"","meta":[],"aioseo_notices":[],"_links":{"self":[{"href":"https:\/\/www.equsys.ec\/index.php?rest_route=\/wp\/v2\/pages\/161"}],"collection":[{"href":"https:\/\/www.equsys.ec\/index.php?rest_route=\/wp\/v2\/pages"}],"about":[{"href":"https:\/\/www.equsys.ec\/index.php?rest_route=\/wp\/v2\/types\/page"}],"author":[{"embeddable":true,"href":"https:\/\/www.equsys.ec\/index.php?rest_route=\/wp\/v2\/users\/1"}],"replies":[{"embeddable":true,"href":"https:\/\/www.equsys.ec\/index.php?rest_route=%2Fwp%2Fv2%2Fcomments&post=161"}],"version-history":[{"count":11,"href":"https:\/\/www.equsys.ec\/index.php?rest_route=\/wp\/v2\/pages\/161\/revisions"}],"predecessor-version":[{"id":307,"href":"https:\/\/www.equsys.ec\/index.php?rest_route=\/wp\/v2\/pages\/161\/revisions\/307"}],"wp:attachment":[{"href":"https:\/\/www.equsys.ec\/index.php?rest_route=%2Fwp%2Fv2%2Fmedia&parent=161"}],"curies":[{"name":"wp","href":"https:\/\/api.w.org\/{rel}","templated":true}]}}